{"id":182,"date":"2022-11-05T15:34:47","date_gmt":"2022-11-05T14:34:47","guid":{"rendered":"https:\/\/serwer1350676.home.pl\/autoinstalator\/wordpress2\/?page_id=182"},"modified":"2022-11-05T15:34:47","modified_gmt":"2022-11-05T14:34:47","slug":"wspolpracujemy","status":"publish","type":"page","link":"https:\/\/serwer1350676.home.pl\/autoinstalator\/wordpress2\/index.php\/wspolpracujemy\/","title":{"rendered":"Wsp\u00f3\u0142pracujemy"},"content":{"rendered":"\n<p><strong>Nasi przyjaciele i partnerzy<\/strong><\/p>\n\n\n\n<p>Muzu\u0142ma\u0144ska Gmina Wyznaniowa w Kruszynianach,<\/p>\n\n\n\n<p><a href=\"http:\/\/www.strazgraniczna.pl\/\" target=\"_blank\" rel=\"noreferrer noopener\">Komenda G\u0142\u00f3wna Stra\u017cy Granicznej<\/a><\/p>\n\n\n\n<p>Komenda G\u0142\u00f3wna Policji<\/p>\n\n\n\n<p>Urz\u0105d Gminy w Krynkach<\/p>\n\n\n\n<p>Zesp\u00f3\u0142 Szk\u00f3\u0142 Samorz\u0105dowych w Krynkach<\/p>\n\n\n\n<p>XV LO w Krakowie<\/p>\n\n\n\n<p>Szko\u0142a w Krynkach<\/p>\n\n\n\n<p>Szko\u0142a Podstawowa nr 34 w Bia\u0142ymstoku<\/p>\n\n\n\n<p>O\u015brodek Rozwoju Polskiej Edukacji za Granic\u0105 Polonijnego Centrum Nauczycielskiego w Lublinie:&nbsp;<a href=\"http:\/\/www.pcn.lublin.pl\/\" target=\"_blank\" rel=\"noreferrer noopener\">http:\/\/www.pcn.lublin.pl<\/a><\/p>\n\n\n\n<p>Polska Szko\u0142a w Tbilisi (Gruzja):&nbsp;<a href=\"http:\/\/www.pol.org.pl\/?page_id=901\" target=\"_blank\" rel=\"noreferrer noopener\">http:\/\/www.pol.org.pl\/?page_id=901<\/a><\/p>\n\n\n\n<p>Departament Polityki Migracyjnej MSW&nbsp;<a href=\"http:\/\/www.msw.gov.pl\/\" target=\"_blank\" rel=\"noreferrer noopener\">http:\/\/www.msw.gov.pl<\/a><\/p>\n\n\n\n<p>Komenda Wojew\u00f3dzka Policji w Gorzowie Wielkopolskim&nbsp;<a href=\"http:\/\/www.lubuska.policja.gov.pl\/\" target=\"_blank\" rel=\"noreferrer noopener\">http:\/\/www.lubuska.policja.gov.pl\/<\/a><\/p>\n","protected":false},"excerpt":{"rendered":"<p>Nasi przyjaciele i partnerzy Muzu\u0142ma\u0144ska Gmina Wyznaniowa w Kruszynianach, Komenda G\u0142\u00f3wna Stra\u017cy Granicznej Komenda G\u0142\u00f3wna Policji Urz\u0105d Gminy w Krynkach Zesp\u00f3\u0142 Szk\u00f3\u0142 Samorz\u0105dowych w Krynkach XV LO w Krakowie Szko\u0142a &hellip; <a class=\"readmore\" href=\"https:\/\/serwer1350676.home.pl\/autoinstalator\/wordpress2\/index.php\/wspolpracujemy\/\">Czytaj dalej &rarr;<\/a><\/p>\n","protected":false},"author":1,"featured_media":0,"parent":0,"menu_order":0,"comment_status":"closed","ping_status":"closed","template":"","meta":{"footnotes":""},"class_list":["post-182","page","type-page","status-publish","hentry"],"_links":{"self":[{"href":"https:\/\/serwer1350676.home.pl\/autoinstalator\/wordpress2\/index.php\/wp-json\/wp\/v2\/pages\/182","targetHints":{"allow":["GET"]}}],"collection":[{"href":"https:\/\/serwer1350676.home.pl\/autoinstalator\/wordpress2\/index.php\/wp-json\/wp\/v2\/pages"}],"about":[{"href":"https:\/\/serwer1350676.home.pl\/autoinstalator\/wordpress2\/index.php\/wp-json\/wp\/v2\/types\/page"}],"author":[{"embeddable":true,"href":"https:\/\/serwer1350676.home.pl\/autoinstalator\/wordpress2\/index.php\/wp-json\/wp\/v2\/users\/1"}],"replies":[{"embeddable":true,"href":"https:\/\/serwer1350676.home.pl\/autoinstalator\/wordpress2\/index.php\/wp-json\/wp\/v2\/comments?post=182"}],"version-history":[{"count":1,"href":"https:\/\/serwer1350676.home.pl\/autoinstalator\/wordpress2\/index.php\/wp-json\/wp\/v2\/pages\/182\/revisions"}],"predecessor-version":[{"id":184,"href":"https:\/\/serwer1350676.home.pl\/autoinstalator\/wordpress2\/index.php\/wp-json\/wp\/v2\/pages\/182\/revisions\/184"}],"wp:attachment":[{"href":"https:\/\/serwer1350676.home.pl\/autoinstalator\/wordpress2\/index.php\/wp-json\/wp\/v2\/media?parent=182"}],"curies":[{"name":"wp","href":"https:\/\/api.w.org\/{rel}","templated":true}]}}